{"id":994,"date":"2019-01-11T00:15:04","date_gmt":"2019-01-11T00:15:04","guid":{"rendered":"https:\/\/sofia-ruiz.com\/subscribe-to-podcast\/"},"modified":"2023-05-30T22:53:53","modified_gmt":"2023-05-30T22:53:53","slug":"suscribete","status":"publish","type":"page","link":"https:\/\/sofia-ruiz.com\/es\/sobreactuando\/suscribete\/","title":{"rendered":"Suscr\u00edbete a Sobre Actuando"},"content":{"rendered":"<div style=\"height:100px\" aria-hidden=\"true\" class=\"wp-block-spacer\"><\/div>\n\n\n<h2 style=\"text-align: center;\"><span style=\"color: #000000;\">Suscr\u00edbete a Sobre Actuando para recibir los episodios m\u00e1s recientes directamente en tu computadora, tel\u00e9fono o tablet.\u00a0 <br \/>\u00a1Escoge lo que m\u00e1s te convenga!<\/span><\/h2>\n<h2 style=\"text-align: center;\"><\/h2>\n<h2 style=\"text-align: center;\">Tu app favorita: Copia el link que se encuentra en la caja y c\u00f3pialo a tu app de podcasts favorita.<\/h2>\n<h2 style=\"text-align: center;\">Guarda este podcast: Si quieres guardar el podcast como marcador, pulsa las teclas &#8220;Ctrl&#8221; y &#8220;D&#8221; en tu teclado Windows, o &#8220;Command&#8221; + &#8220;D&#8221; en tu Mac.<\/h2>","protected":false},"excerpt":{"rendered":"<p>Suscr\u00edbete a Sobre Actuando para recibir los episodios m\u00e1s recientes directamente en tu computadora, tel\u00e9fono o tablet.\u00a0 \u00a1Escoge lo que m\u00e1s te convenga! Tu app favorita: Copia el link que se encuentra en la caja y c\u00f3pialo a tu app de podcasts favorita. Guarda este podcast: Si quieres guardar el podcast como marcador, pulsa las&#8230;<\/p>","protected":false},"author":1,"featured_media":0,"parent":1080,"menu_order":0,"comment_status":"closed","ping_status":"closed","template":"full-width-page.php","meta":{"footnotes":""},"class_list":["post-994","page","type-page","status-publish","hentry"],"_links":{"self":[{"href":"https:\/\/sofia-ruiz.com\/es\/wp-json\/wp\/v2\/pages\/994","targetHints":{"allow":["GET"]}}],"collection":[{"href":"https:\/\/sofia-ruiz.com\/es\/wp-json\/wp\/v2\/pages"}],"about":[{"href":"https:\/\/sofia-ruiz.com\/es\/wp-json\/wp\/v2\/types\/page"}],"author":[{"embeddable":true,"href":"https:\/\/sofia-ruiz.com\/es\/wp-json\/wp\/v2\/users\/1"}],"replies":[{"embeddable":true,"href":"https:\/\/sofia-ruiz.com\/es\/wp-json\/wp\/v2\/comments?post=994"}],"version-history":[{"count":11,"href":"https:\/\/sofia-ruiz.com\/es\/wp-json\/wp\/v2\/pages\/994\/revisions"}],"predecessor-version":[{"id":1079,"href":"https:\/\/sofia-ruiz.com\/es\/wp-json\/wp\/v2\/pages\/994\/revisions\/1079"}],"up":[{"embeddable":true,"href":"https:\/\/sofia-ruiz.com\/es\/wp-json\/wp\/v2\/pages\/1080"}],"wp:attachment":[{"href":"https:\/\/sofia-ruiz.com\/es\/wp-json\/wp\/v2\/media?parent=994"}],"curies":[{"name":"wp","href":"https:\/\/api.w.org\/{rel}","templated":true}]}}