{"id":259510,"date":"2024-04-11T22:26:47","date_gmt":"2024-04-11T22:26:47","guid":{"rendered":"https:\/\/sofia-ruiz.com\/?page_id=259510"},"modified":"2025-05-13T03:55:22","modified_gmt":"2025-05-13T03:55:22","slug":"directing","status":"publish","type":"page","link":"https:\/\/sofia-ruiz.com\/es\/flowerhousefilms","title":{"rendered":"Producci\u00f3n y Direcci\u00f3n"},"content":{"rendered":"<div id=\"pl-259510\"  class=\"panel-layout\" ><div id=\"pg-259510-0\"  class=\"panel-grid panel-has-style panel-has-overlay\" ><div class=\"siteorigin-panels-stretch panel-row-style panel-row-style-for-259510-0\" data-stretch-type=\"full-width-stretch\" >\t\t\t\t<div\n\t\t\t\t\tclass=\"panel-background-overlay\"\n\t\t\t\t\t\t\t\t\t\t\tstyle=\"background-color:#000000;background-image:url(https:\/\/sofia-ruiz.com\/wp-content\/uploads\/2024\/04\/14.jpg);background-position:center center;background-size:cover;opacity:0.80;\"\n\t\t\t\t\t\t\t\t\t>\n\t\t\t\t\t\t\t\t\t<\/div>\n\t\t\t\t<div id=\"pgc-259510-0-0\"  class=\"panel-grid-cell\" ><div id=\"panel-259510-0-0-0\" class=\"so-panel widget widget_sow-editor panel-first-child panel-last-child\" data-index=\"0\" ><div\n\t\t\t\n\t\t\tclass=\"so-widget-sow-editor so-widget-sow-editor-base\"\n\t\t\t\n\t\t>\n<div class=\"siteorigin-widget-tinymce textwidget\">\n\t<p style=\"text-align: center;\"><span class=\"\" style=\"display:block;clear:both;height: 0px;padding-top: 70px;border-top-width:0px;border-bottom-width:0px;\"><\/span><\/p>\n<p style=\"text-align: center;\"><a href=\"https:\/\/sofia-ruiz.com\/wp-content\/uploads\/2016\/06\/Flowerhouse_Logos-02.png\"><img loading=\"lazy\" decoding=\"async\" class=\"alignnone  wp-image-202\" src=\"https:\/\/sofia-ruiz.com\/wp-content\/uploads\/2016\/06\/Flowerhouse_Logos-02-300x300.png\" alt=\"Sofia Ruiz, Actor, Actress, Actriz, Mexico City, Austin, Los Angeles, Ciudad de M\u00e9xico, Theatre, Film, Television, Teatro, Cine, Televisi\u00f3n, Flowerhouse Films, Flowerhouse Productions, Short film\" width=\"271\" height=\"271\" srcset=\"https:\/\/sofia-ruiz.com\/wp-content\/uploads\/2016\/06\/Flowerhouse_Logos-02-300x300.png 300w, https:\/\/sofia-ruiz.com\/wp-content\/uploads\/2016\/06\/Flowerhouse_Logos-02-150x150.png 150w, https:\/\/sofia-ruiz.com\/wp-content\/uploads\/2016\/06\/Flowerhouse_Logos-02-768x768.png 768w, https:\/\/sofia-ruiz.com\/wp-content\/uploads\/2016\/06\/Flowerhouse_Logos-02-1024x1024.png 1024w\" sizes=\"auto, (max-width: 271px) 100vw, 271px\" \/><\/a><\/p>\n<p style=\"text-align: center;\"><span class=\"\" style=\"display:block;clear:both;height: 0px;padding-top: 70px;border-top-width:0px;border-bottom-width:0px;\"><\/span><\/p>\n<\/div>\n<\/div><\/div><\/div><\/div><\/div><div id=\"pg-259510-1\"  class=\"panel-grid panel-no-style\" ><div id=\"pgc-259510-1-0\"  class=\"panel-grid-cell\" ><div id=\"panel-259510-1-0-0\" class=\"so-panel widget widget_sow-editor panel-first-child panel-last-child\" data-index=\"1\" ><div\n\t\t\t\n\t\t\tclass=\"so-widget-sow-editor so-widget-sow-editor-base\"\n\t\t\t\n\t\t>\n<div class=\"siteorigin-widget-tinymce textwidget\">\n\t<h2><span class=\"\" style=\"display:block;clear:both;height: 0px;padding-top: 50px;border-top-width:0px;border-bottom-width:0px;\"><\/span><\/h2>\n<h2 style=\"text-align: center;\">Fund\u00e9 <strong>Flowerhouse Films<\/strong> con el prop\u00f3sito de crear una plataforma para proyectos creativos que promovieran participaci\u00f3n femenina en su liderazgo y roles directivos; llevando historias multi-dimensionales de personajes y relaciones femeninas a escena y pantalla.<\/h2>\n<h2 style=\"text-align: center;\">En el escenario o frente a la c\u00e1mara, mi enfoque es desarrollar trabajo impactante y altamente teatral, con fisicalidad expresiva e im\u00e1genes potentes, a su vez encontrando profundidad y matices, hasta en las situaciones m\u00e1s sencillas.<\/h2>\n<\/div>\n<\/div><\/div><\/div><\/div><div id=\"pg-259510-2\"  class=\"panel-grid panel-has-style\" ><div class=\"siteorigin-panels-stretch panel-row-style panel-row-style-for-259510-2\" data-stretch-type=\"full\" ><div id=\"pgc-259510-2-0\"  class=\"panel-grid-cell\" ><div id=\"panel-259510-2-0-0\" class=\"so-panel widget widget_sow-hero panel-first-child panel-last-child\" data-index=\"2\" ><div\n\t\t\t\n\t\t\tclass=\"so-widget-sow-hero so-widget-sow-hero-default-4d1bfa5693fc-259510 so-widget-fittext-wrapper\"\n\t\t\t data-fit-text-compressor=\"0.85\"\n\t\t>\t\t\t\t<div class=\"sow-slider-base\" style=\"display: none\" tabindex=\"0\">\n\t\t\t\t\t<ul\n\t\t\t\t\tclass=\"sow-slider-images\"\n\t\t\t\t\tdata-settings=\"{&quot;pagination&quot;:true,&quot;speed&quot;:400,&quot;timeout&quot;:8000,&quot;paused&quot;:true,&quot;pause_on_hover&quot;:false,&quot;swipe&quot;:true,&quot;nav_always_show_desktop&quot;:&quot;&quot;,&quot;nav_always_show_mobile&quot;:&quot;&quot;,&quot;breakpoint&quot;:&quot;780px&quot;,&quot;unmute&quot;:false,&quot;anchor&quot;:null}\"\n\t\t\t\t\t\t\t\t\t\tdata-anchor-id=\"\"\n\t\t\t\t>\t\t<li class=\"sow-slider-image  sow-slider-image-cover\" style=\"visibility: visible;;background-color: #ffffff;background-image: url(https:\/\/sofia-ruiz.com\/wp-content\/uploads\/2025\/05\/DD-Still-1.jpg);cursor: pointer;\" data-url=\"{&quot;url&quot;:&quot;https:\\\/\\\/sofia-ruiz.com\\\/es\\\/film&quot;,&quot;new_window&quot;:false}\" >\n\t\t\t\t\t<div class=\"sow-slider-image-container\">\n\t\t\t<div class=\"sow-slider-image-wrapper\">\n\t\t\t\t<p style=\"text-align: center\"><span class=\"\" style=\"display:block;clear:both;height: 0px;padding-top: 60px;border-top-width:0px;border-bottom-width:0px;\"><\/span><\/p>\n<h1 style=\"text-align: center\"><span style=\"color: #ffffff\">aprende m\u00e1s sobre nuestros proyectos de cine<\/span><\/h1>\n<p style=\"text-align: center\"><span class=\"\" style=\"display:block;clear:both;height: 0px;padding-top: 60px;border-top-width:0px;border-bottom-width:0px;\"><\/span><\/p>\n\t\t\t<\/div>\n\t\t<\/div>\n\t\t\t\t<\/li>\n\t\t<\/ul>\t\t\t\t<ol class=\"sow-slider-pagination\">\n\t\t\t\t\t\t\t\t\t\t\t<li><a href=\"#\" data-goto=\"0\" aria-label=\"Display slide 1\"><\/a><\/li>\n\t\t\t\t\t\t\t\t\t<\/ol>\n\n\t\t\t\t<div class=\"sow-slide-nav sow-slide-nav-next\">\n\t\t\t\t\t<a href=\"#\" data-goto=\"next\" aria-label=\"Next slide\" data-action=\"next\">\n\t\t\t\t\t\t<em class=\"sow-sld-icon-thin-right\"><\/em>\n\t\t\t\t\t<\/a>\n\t\t\t\t<\/div>\n\n\t\t\t\t<div class=\"sow-slide-nav sow-slide-nav-prev\">\n\t\t\t\t\t<a href=\"#\" data-goto=\"previous\" aria-label=\"Previous slide\" data-action=\"prev\">\n\t\t\t\t\t\t<em class=\"sow-sld-icon-thin-left\"><\/em>\n\t\t\t\t\t<\/a>\n\t\t\t\t<\/div>\n\t\t\t\t<\/div><\/div><\/div><\/div><div id=\"pgc-259510-2-1\"  class=\"panel-grid-cell panel-grid-cell-empty\" ><\/div><div id=\"pgc-259510-2-2\"  class=\"panel-grid-cell\" ><div id=\"panel-259510-2-2-0\" class=\"so-panel widget widget_sow-hero panel-first-child panel-last-child\" data-index=\"3\" ><div\n\t\t\t\n\t\t\tclass=\"so-widget-sow-hero so-widget-sow-hero-default-fe381f6ef741-259510 so-widget-fittext-wrapper\"\n\t\t\t data-fit-text-compressor=\"0.85\"\n\t\t>\t\t\t\t<div class=\"sow-slider-base\" style=\"display: none\" tabindex=\"0\">\n\t\t\t\t\t<ul\n\t\t\t\t\tclass=\"sow-slider-images\"\n\t\t\t\t\tdata-settings=\"{&quot;pagination&quot;:true,&quot;speed&quot;:400,&quot;timeout&quot;:8000,&quot;paused&quot;:false,&quot;pause_on_hover&quot;:false,&quot;swipe&quot;:true,&quot;nav_always_show_desktop&quot;:&quot;&quot;,&quot;nav_always_show_mobile&quot;:&quot;&quot;,&quot;breakpoint&quot;:&quot;780px&quot;,&quot;unmute&quot;:false,&quot;anchor&quot;:null}\"\n\t\t\t\t\t\t\t\t\t\tdata-anchor-id=\"\"\n\t\t\t\t>\t\t<li class=\"sow-slider-image  sow-slider-image-cover\" style=\"visibility: visible;;background-color: #333333;background-image: url(https:\/\/sofia-ruiz.com\/wp-content\/uploads\/2024\/04\/PHO1678-scaled.jpg);cursor: pointer;\" data-url=\"{&quot;url&quot;:&quot;https:\\\/\\\/sofia-ruiz.com\\\/es\\\/theatre&quot;,&quot;new_window&quot;:false}\" >\n\t\t\t\t\t<div class=\"sow-slider-image-container\">\n\t\t\t<div class=\"sow-slider-image-wrapper\">\n\t\t\t\t<p style=\"text-align: center\"><span class=\"\" style=\"display:block;clear:both;height: 0px;padding-top: 60px;border-top-width:0px;border-bottom-width:0px;\"><\/span><\/p>\n<h1 style=\"text-align: center\"><span style=\"color: #ffffff\">aprende sobre nuestros proyectos teatrales<\/span><\/h1>\n<p style=\"text-align: center\"><span class=\"\" style=\"display:block;clear:both;height: 0px;padding-top: 70px;border-top-width:0px;border-bottom-width:0px;\"><\/span><\/p>\n\t\t\t<\/div>\n\t\t<\/div>\n\t\t\t\t<\/li>\n\t\t<\/ul>\t\t\t\t<ol class=\"sow-slider-pagination\">\n\t\t\t\t\t\t\t\t\t\t\t<li><a href=\"#\" data-goto=\"0\" aria-label=\"Display slide 1\"><\/a><\/li>\n\t\t\t\t\t\t\t\t\t<\/ol>\n\n\t\t\t\t<div class=\"sow-slide-nav sow-slide-nav-next\">\n\t\t\t\t\t<a href=\"#\" data-goto=\"next\" aria-label=\"Next slide\" data-action=\"next\">\n\t\t\t\t\t\t<em class=\"sow-sld-icon-thin-right\"><\/em>\n\t\t\t\t\t<\/a>\n\t\t\t\t<\/div>\n\n\t\t\t\t<div class=\"sow-slide-nav sow-slide-nav-prev\">\n\t\t\t\t\t<a href=\"#\" data-goto=\"previous\" aria-label=\"Previous slide\" data-action=\"prev\">\n\t\t\t\t\t\t<em class=\"sow-sld-icon-thin-left\"><\/em>\n\t\t\t\t\t<\/a>\n\t\t\t\t<\/div>\n\t\t\t\t<\/div><\/div><\/div><\/div><\/div><\/div><\/div>","protected":false},"excerpt":{"rendered":"<p>I started Flowerhouse Films with the aim of providing a platform for creative projects that promotes female participation in leadership and above the line roles, bringing stories of multi-dimensional female characters and relationships to life. Whether on stage or film, my focus is on developing impactful and highly theatrical work, featuring expressive physicality and strong&#8230;<\/p>","protected":false},"author":1,"featured_media":0,"parent":0,"menu_order":0,"comment_status":"closed","ping_status":"closed","template":"full-width-page.php","meta":{"footnotes":""},"class_list":["post-259510","page","type-page","status-publish","hentry"],"_links":{"self":[{"href":"https:\/\/sofia-ruiz.com\/es\/wp-json\/wp\/v2\/pages\/259510","targetHints":{"allow":["GET"]}}],"collection":[{"href":"https:\/\/sofia-ruiz.com\/es\/wp-json\/wp\/v2\/pages"}],"about":[{"href":"https:\/\/sofia-ruiz.com\/es\/wp-json\/wp\/v2\/types\/page"}],"author":[{"embeddable":true,"href":"https:\/\/sofia-ruiz.com\/es\/wp-json\/wp\/v2\/users\/1"}],"replies":[{"embeddable":true,"href":"https:\/\/sofia-ruiz.com\/es\/wp-json\/wp\/v2\/comments?post=259510"}],"version-history":[{"count":45,"href":"https:\/\/sofia-ruiz.com\/es\/wp-json\/wp\/v2\/pages\/259510\/revisions"}],"predecessor-version":[{"id":259786,"href":"https:\/\/sofia-ruiz.com\/es\/wp-json\/wp\/v2\/pages\/259510\/revisions\/259786"}],"wp:attachment":[{"href":"https:\/\/sofia-ruiz.com\/es\/wp-json\/wp\/v2\/media?parent=259510"}],"curies":[{"name":"wp","href":"https:\/\/api.w.org\/{rel}","templated":true}]}}