{"id":199611,"date":"2022-03-22T00:17:22","date_gmt":"2022-03-22T00:17:22","guid":{"rendered":"https:\/\/sofia-ruiz.com\/?page_id=199611"},"modified":"2025-07-07T00:41:26","modified_gmt":"2025-07-07T00:41:26","slug":"teaching","status":"publish","type":"page","link":"https:\/\/sofia-ruiz.com\/es\/teaching","title":{"rendered":"Docencia"},"content":{"rendered":"<div id=\"pl-199611\"  class=\"panel-layout\" ><div id=\"pg-199611-0\"  class=\"panel-grid panel-has-style\" ><div class=\"siteorigin-panels-stretch panel-row-style panel-row-style-for-199611-0\" data-stretch-type=\"full\" ><div id=\"pgc-199611-0-0\"  class=\"panel-grid-cell\" ><div id=\"panel-199611-0-0-0\" class=\"so-panel widget widget_sow-image panel-first-child panel-last-child\" data-index=\"0\" ><div\n\t\t\t\n\t\t\tclass=\"so-widget-sow-image so-widget-sow-image-default-8b5b6f678277-199611\"\n\t\t\t\n\t\t><\/div><\/div><\/div><div id=\"pgc-199611-0-1\"  class=\"panel-grid-cell\" ><div id=\"panel-199611-0-1-0\" class=\"so-panel widget widget_sow-editor panel-first-child\" data-index=\"1\" ><div class=\"panel-widget-style panel-widget-style-for-199611-0-1-0\" ><div\n\t\t\t\n\t\t\tclass=\"so-widget-sow-editor so-widget-sow-editor-base\"\n\t\t\t\n\t\t>\n<div class=\"siteorigin-widget-tinymce textwidget\">\n\t<h1><span style=\"color: #000000;\">FILOSOF\u00cdA DE ENSE\u00d1ANZA<\/span><\/h1>\n<p class=\"p1\"><i>\u201cTen valor y s\u00e9 compasivo.\"<\/i>\u00a0Estas bellas palabras dichas por la mam\u00e1 de Cenicienta en la\u00a0<i>live-action<\/i>\u00a0de Disney reflejan lo que quiero que mis estudiantes se lleven consigo a casa cuando salgan de mi clase. Quiero que sepan que la mejor actuaci\u00f3n viene de una compasi\u00f3n emp\u00e1tica y compasiva con los dem\u00e1s, y del valor de comprometerse a sus imaginaciones e intentar cosas nuevas.<\/p>\n<\/div>\n<\/div><\/div><\/div><div id=\"panel-199611-0-1-1\" class=\"so-panel widget widget_sow-button panel-last-child\" data-index=\"2\" ><div\n\t\t\t\n\t\t\tclass=\"so-widget-sow-button so-widget-sow-button-wire-2b0a69ace9f2-199611\"\n\t\t\t\n\t\t><div class=\"ow-button-base ow-button-align-left\"\n>\n\t\t\t<a\n\t\t\t\t\thref=\"https:\/\/sofia-ruiz.com\/wp-content\/uploads\/2023\/05\/Sofia-Ruiz_Teaching-Philosophy.pdf\"\n\t\t\t\t\tclass=\"sowb-button ow-icon-placement-left ow-button-hover\" target=\"_blank\" rel=\"noopener noreferrer\" \t>\n\t\t<span>\n\t\t\t\n\t\t\tLEER M\u00c1S\t\t<\/span>\n\t\t\t<\/a>\n\t<\/div>\n<\/div><\/div><\/div><\/div><\/div><div id=\"pg-199611-1\"  class=\"panel-grid panel-has-style\" ><div class=\"siteorigin-panels-stretch panel-row-style panel-row-style-for-199611-1\" data-stretch-type=\"full\" ><div id=\"pgc-199611-1-0\"  class=\"panel-grid-cell\" ><div id=\"panel-199611-1-0-0\" class=\"so-panel widget widget_sow-editor panel-first-child\" data-index=\"3\" ><div class=\"panel-widget-style panel-widget-style-for-199611-1-0-0\" ><div\n\t\t\t\n\t\t\tclass=\"so-widget-sow-editor so-widget-sow-editor-base\"\n\t\t\t\n\t\t>\n<div class=\"siteorigin-widget-tinymce textwidget\">\n\t<h1><span style=\"color: #000000;\">CURR\u00cdCULUM<\/span><\/h1>\n<div data-pm-slice=\"1 1 []\" data-en-clipboard=\"true\">\n<p class=\"p1\">Tengo una Maestr\u00eda en Bellas Artes en Actuaci\u00f3n por la Universidad de Georgia \u2014 el grado terminal en mi campo \u2014\u00a0y una Licenciatura en Teatro y Danza por la Universidad de Texas en Austin. Tengo dos a\u00f1os de experiencia dando clases a nivel universitario, cinco a\u00f1os ense\u00f1ando debate a estudiantes de preparatoria y experiencia como coach actoral en M\u00e9xico y Estados Unidos. Soy actriz profesional, habiendo participado en doce programas de televisi\u00f3n, m\u00e1s de cincuenta comerciales, m\u00faltiples obras, impro, cortos, largos y trabajo de voz. Tambi\u00e9n soy directora, escritora, productora y podcaster.<\/p>\n<\/div>\n<\/div>\n<\/div><\/div><\/div><div id=\"panel-199611-1-0-1\" class=\"so-panel widget widget_sow-button panel-last-child\" data-index=\"4\" ><div\n\t\t\t\n\t\t\tclass=\"so-widget-sow-button so-widget-sow-button-wire-3bccf16c9bb2-199611\"\n\t\t\t\n\t\t><div class=\"ow-button-base ow-button-align-left\"\n>\n\t\t\t<a\n\t\t\t\t\thref=\"https:\/\/sofia-ruiz.com\/wp-content\/uploads\/2024\/09\/Sofia-Ruiz-CV_web.pdf\"\n\t\t\t\t\tclass=\"sowb-button ow-icon-placement-left ow-button-hover\" target=\"_blank\" rel=\"noopener noreferrer\" \t>\n\t\t<span>\n\t\t\t\n\t\t\tDESCARGAR CV\t\t<\/span>\n\t\t\t<\/a>\n\t<\/div>\n<\/div><\/div><\/div><div id=\"pgc-199611-1-1\"  class=\"panel-grid-cell\" ><div id=\"panel-199611-1-1-0\" class=\"so-panel widget widget_sow-image panel-first-child panel-last-child\" data-index=\"5\" ><div\n\t\t\t\n\t\t\tclass=\"so-widget-sow-image so-widget-sow-image-default-13f2a8b12fcc-199611\"\n\t\t\t\n\t\t><\/div><\/div><\/div><\/div><\/div><div id=\"pg-199611-2\"  class=\"panel-grid panel-has-style\" ><div class=\"siteorigin-panels-stretch panel-row-style panel-row-style-for-199611-2\" data-stretch-type=\"full\" ><div id=\"pgc-199611-2-0\"  class=\"panel-grid-cell\" ><div id=\"panel-199611-2-0-0\" class=\"so-panel widget widget_sow-image panel-first-child panel-last-child\" data-index=\"6\" ><div\n\t\t\t\n\t\t\tclass=\"so-widget-sow-image so-widget-sow-image-default-8b5b6f678277-199611\"\n\t\t\t\n\t\t><\/div><\/div><\/div><div id=\"pgc-199611-2-1\"  class=\"panel-grid-cell\" ><div id=\"panel-199611-2-1-0\" class=\"so-panel widget widget_sow-editor panel-first-child panel-last-child\" data-index=\"7\" ><div class=\"panel-widget-style panel-widget-style-for-199611-2-1-0\" ><div\n\t\t\t\n\t\t\tclass=\"so-widget-sow-editor so-widget-sow-editor-base\"\n\t\t\t\n\t\t><h3 class=\"widget-title\"> <\/h3>\n<div class=\"siteorigin-widget-tinymce textwidget\">\n\t<h1><span style=\"color: #000000;\">ESPACIOS CONSENT-FORWARD<\/span><\/h1>\n<p><span style=\"color: #333333;\">La Coreograf\u00eda de Intimidad (o Direcci\u00f3n y Coordinaci\u00f3n de Intimidad) es el futuro de la industria del entretenimiento. Habiendo completado exitosamente el curso de IDC Professionals\u00a0<em>Programa de Artistas Consent-Forward<\/em>; habiendo tomado m\u00faltiples talleres de intimidad y siendo una ferviente defensora del trabajo de intimidad en el mundo profesional y acad\u00e9mico, promuevo un ambiente inclusivo, consent-forward y amable en mi sal\u00f3n de clases. Inspirada y respaldada por mi entrenamiento y experiencia como actriz, he desarrollado talleres de introducci\u00f3n al mundo de la intimidad y el consentimiento, y he trabajado como CI en varias obras y cortometrajes.<\/span><\/p>\n<p><span style=\"color: #333333;\"><span class=\"\" style=\"display:block;clear:both;height: 0px;padding-top: 20px;border-top-width:0px;border-bottom-width:0px;\"><\/span><\/span><\/p>\n<\/div>\n<\/div><\/div><\/div><\/div><\/div><\/div><div id=\"pg-199611-3\"  class=\"panel-grid panel-has-style\" ><div class=\"siteorigin-panels-stretch panel-row-style panel-row-style-for-199611-3\" data-stretch-type=\"full\" ><div id=\"pgc-199611-3-0\"  class=\"panel-grid-cell\" ><div id=\"panel-199611-3-0-0\" class=\"so-panel widget widget_sow-editor panel-first-child\" data-index=\"8\" ><div class=\"panel-widget-style panel-widget-style-for-199611-3-0-0\" ><div\n\t\t\t\n\t\t\tclass=\"so-widget-sow-editor so-widget-sow-editor-base\"\n\t\t\t\n\t\t>\n<div class=\"siteorigin-widget-tinymce textwidget\">\n\t<h1><span style=\"color: #000000;\">COMPROMISO CON LA DIVERSIDAD<\/span><\/h1>\n<div data-pm-slice=\"1 1 []\" data-en-clipboard=\"true\">\n<p class=\"p1\">Habiendo pasado la mayor parte de mi vida en un pa\u00eds que contin\u00faa teniendo un trato distinto entre hombres y mujeres, donde las mujeres debemos luchar por oportunidades equitativas y seguridad, he sentido de primera mano lo que es verse definida por mi apariencia, en lugar de por mis intereses, personalidad y competencia. Tambi\u00e9n entiendo la dificultad que conlleva crear conciencia, y que crear cambio toma acciones informadas y cotidianas de cada individuo.<\/p>\n<\/div>\n<\/div>\n<\/div><\/div><\/div><div id=\"panel-199611-3-0-1\" class=\"so-panel widget widget_sow-button panel-last-child\" data-index=\"9\" ><div\n\t\t\t\n\t\t\tclass=\"so-widget-sow-button so-widget-sow-button-wire-b6608adc9b3b-199611\"\n\t\t\t\n\t\t><div class=\"ow-button-base ow-button-align-left\"\n>\n\t\t\t<a\n\t\t\t\t\thref=\"https:\/\/sofia-ruiz.com\/wp-content\/uploads\/2023\/05\/Sofia-Ruiz_DEI.pdf\"\n\t\t\t\t\tclass=\"sowb-button ow-icon-placement-left ow-button-hover\" target=\"_blank\" rel=\"noopener noreferrer\" \t>\n\t\t<span>\n\t\t\t\n\t\t\tLEER M\u00c1S\t\t<\/span>\n\t\t\t<\/a>\n\t<\/div>\n<\/div><\/div><\/div><div id=\"pgc-199611-3-1\"  class=\"panel-grid-cell\" ><div id=\"panel-199611-3-1-0\" class=\"so-panel widget widget_sow-image panel-first-child panel-last-child\" data-index=\"10\" ><div\n\t\t\t\n\t\t\tclass=\"so-widget-sow-image so-widget-sow-image-default-8b5b6f678277-199611\"\n\t\t\t\n\t\t><\/div><\/div><\/div><\/div><\/div><div id=\"pg-199611-4\"  class=\"panel-grid panel-has-style\" ><div class=\"siteorigin-panels-stretch panel-row-style panel-row-style-for-199611-4\" data-stretch-type=\"full\" ><div id=\"pgc-199611-4-0\"  class=\"panel-grid-cell\" ><div id=\"panel-199611-4-0-0\" class=\"so-panel widget widget_sow-image panel-first-child panel-last-child\" data-index=\"11\" ><div\n\t\t\t\n\t\t\tclass=\"so-widget-sow-image so-widget-sow-image-default-8b5b6f678277-199611\"\n\t\t\t\n\t\t><\/div><\/div><\/div><div id=\"pgc-199611-4-1\"  class=\"panel-grid-cell\" ><div id=\"panel-199611-4-1-0\" class=\"so-panel widget widget_sow-editor panel-first-child\" data-index=\"12\" ><div class=\"panel-widget-style panel-widget-style-for-199611-4-1-0\" ><div\n\t\t\t\n\t\t\tclass=\"so-widget-sow-editor so-widget-sow-editor-base\"\n\t\t\t\n\t\t>\n<div class=\"siteorigin-widget-tinymce textwidget\">\n\t<h1><span style=\"color: #000000;\">MATERIALES DE ENSE\u00d1ANZA DE MUESTRA<\/span><\/h1>\n<p class=\"p1\">Desde <em>Movimiento<\/em> hasta <em>Actuaci\u00f3n para la C\u00e1mara <\/em>y<em> C\u00f3mo Hacer tu Videocasting; desde <\/em><i>Aprendiendo a Querer los Comerciales<\/i>\u00a0, a clases de actuaci\u00f3n inspiradas por\u00a0<i>Impro <\/i>, ofrezco una variedad de clases centradas en la amabilidad y el compromiso al trabajo. Explora algunos de mis materiales.<\/p>\n<\/div>\n<\/div><\/div><\/div><div id=\"panel-199611-4-1-1\" class=\"so-panel widget widget_sow-button\" data-index=\"13\" ><div\n\t\t\t\n\t\t\tclass=\"so-widget-sow-button so-widget-sow-button-wire-a6f5a096242f-199611\"\n\t\t\t\n\t\t><div class=\"ow-button-base ow-button-align-left\"\n>\n\t\t\t<a\n\t\t\t\t\thref=\"https:\/\/sofia-ruiz.com\/wp-content\/uploads\/2022\/03\/Sofia-Ruiz_Sample-Lesson-Plan_web.pdf\"\n\t\t\t\t\tclass=\"sowb-button ow-icon-placement-left ow-button-hover\" target=\"_blank\" rel=\"noopener noreferrer\" \t>\n\t\t<span>\n\t\t\t\n\t\t\tPLAN DE CLASE DE MUESTRA\t\t<\/span>\n\t\t\t<\/a>\n\t<\/div>\n<\/div><\/div><div id=\"panel-199611-4-1-2\" class=\"so-panel widget widget_sow-button panel-last-child\" data-index=\"14\" ><div\n\t\t\t\n\t\t\tclass=\"so-widget-sow-button so-widget-sow-button-wire-a6f5a096242f-199611\"\n\t\t\t\n\t\t><div class=\"ow-button-base ow-button-align-left\"\n>\n\t\t\t<a\n\t\t\t\t\thref=\"https:\/\/sofia-ruiz.com\/wp-content\/uploads\/2023\/03\/Self-Tape-Kit.pdf\"\n\t\t\t\t\tclass=\"sowb-button ow-icon-placement-left ow-button-hover\" target=\"_blank\" rel=\"noopener noreferrer\" \t>\n\t\t<span>\n\t\t\t\n\t\t\tKIT DE VIDEOCASTING\t\t<\/span>\n\t\t\t<\/a>\n\t<\/div>\n<\/div><\/div><\/div><\/div><\/div><div id=\"pg-199611-5\"  class=\"panel-grid panel-has-style\" ><div class=\"siteorigin-panels-stretch panel-row-style panel-row-style-for-199611-5\" data-stretch-type=\"full\" ><div id=\"pgc-199611-5-0\"  class=\"panel-grid-cell\" ><div id=\"panel-199611-5-0-0\" class=\"so-panel widget widget_sow-editor panel-first-child panel-last-child\" data-index=\"15\" ><div class=\"panel-widget-style panel-widget-style-for-199611-5-0-0\" ><div\n\t\t\t\n\t\t\tclass=\"so-widget-sow-editor so-widget-sow-editor-base\"\n\t\t\t\n\t\t>\n<div class=\"siteorigin-widget-tinymce textwidget\">\n\t<h1 style=\"text-align: left;\"><span style=\"color: #000000;\">PALABRAS BONITAS\u00a0<\/span><\/h1>\n<p class=\"p1\"><i>\"Una de las cosas que fueron claras para mi desde el comienzo fue su dedicaci\u00f3n a la educaci\u00f3n y el bienestar de los estudiantes. Como juez, Sof\u00eda siempre se aseguraba de dar retroalimentaci\u00f3n que, si bien claramente delineaba sus fortalezas y debilidades, motivar\u00edan a los estudiantes a continuar dedic\u00e1ndose a la actividad. [...] Otra de las cualidades diferenciadoras de Sof\u00eda: busca activamente aprender para mejorar cualquier actividad en la que se involucre.\"<br \/>\n<\/i>\u2014 Rodrigo Ponciano, Asociaci\u00f3n Mexicana de Debate<\/p>\n<p>&nbsp;<\/p>\n<p class=\"p1\"><i>\"Gran compromiso en clase, me encantan las actividades y ejercicios de calentamiento. Ense\u00f1anza muy sincera y crea una comunidad c\u00f3moda y libre de juicio en la cual aprender.\"<br \/>\n<\/i>\u2014\u00a0Estudiante de UGA<\/p>\n<\/div>\n<\/div><\/div><\/div><\/div><div id=\"pgc-199611-5-1\"  class=\"panel-grid-cell\" ><div id=\"panel-199611-5-1-0\" class=\"so-panel widget widget_sow-image panel-first-child panel-last-child\" data-index=\"16\" ><div\n\t\t\t\n\t\t\tclass=\"so-widget-sow-image so-widget-sow-image-default-8b5b6f678277-199611\"\n\t\t\t\n\t\t><\/div><\/div><\/div><div id=\"pgc-199611-5-2\"  class=\"panel-grid-cell\" ><div id=\"panel-199611-5-2-0\" class=\"so-panel widget widget_sow-editor panel-first-child panel-last-child\" data-index=\"17\" ><div class=\"panel-widget-style panel-widget-style-for-199611-5-2-0\" ><div\n\t\t\t\n\t\t\tclass=\"so-widget-sow-editor so-widget-sow-editor-base\"\n\t\t\t\n\t\t>\n<div class=\"siteorigin-widget-tinymce textwidget\">\n\t<h1 style=\"text-align: left;\"><span class=\"\" style=\"display:block;clear:both;height: 0px;padding-top: 55px;border-top-width:0px;border-bottom-width:0px;\"><\/span><\/h1>\n<div data-pm-slice=\"1 1 []\" data-en-clipboard=\"true\">\n<p class=\"p1\"><i>\"El nivel de entusiasmo y cuidado que la Profesora Sof\u00eda tiene por el tema y por sus estudiantes es maravilloso. Entiende completamente la materia y aporta experiencias personales de la industria a su ense\u00f1anza. El formato de la clase es divertido.\"<br \/>\n<\/i>\u2014\u00a0Estudiante de UGA<\/p>\n<p>&nbsp;<\/p>\n<p class=\"p1\"><i>\"Sof\u00eda posee muy buenas habilidades en el sal\u00f3n de clase. Entiende c\u00f3mo discutir desde temas sencillos a muy complejos con los estudiantes. Entiende como dividir la lecci\u00f3n para que todos los estudiantes puedan seguirla, permitiendo a los alumnos m\u00e1s destacados a guiar al grupo en su ense\u00f1anza. Definitivamente tiene un fuerte entendimiento sobre c\u00f3mo aprenden los estudiantes, as\u00ed como varias maneras din\u00e1micas de presentar el contenido al sal\u00f3n.\"<br \/>\n<\/i>\u2014 Mark Webber, Webber's Ed<\/p>\n<\/div>\n<p>&nbsp;<\/p>\n<div class=\"page\" title=\"Page 1\">\n<div class=\"layoutArea\">\n<div class=\"column\">\n<p style=\"text-align: left;\">\n<\/div>\n<\/div>\n<\/div>\n<\/div>\n<\/div><\/div><\/div><\/div><\/div><\/div><\/div>","protected":false},"excerpt":{"rendered":"<p>TEACHING PHILOSOPHY \u201cHave courage and be kind.\u201d\u00a0These beautiful words spoken by Cinderella\u2019s mother in Disney&#8217;s\u00a0live-action\u00a0feature reflect what I want my acting students to take away from my classroom when they leave. I want them to realize that the best acting comes from an empathetic, compassionate connection to other human beings, and from a courageous willingness&#8230;<\/p>","protected":false},"author":1,"featured_media":0,"parent":0,"menu_order":0,"comment_status":"closed","ping_status":"closed","template":"full-width-page.php","meta":{"footnotes":""},"class_list":["post-199611","page","type-page","status-publish","hentry"],"_links":{"self":[{"href":"https:\/\/sofia-ruiz.com\/es\/wp-json\/wp\/v2\/pages\/199611","targetHints":{"allow":["GET"]}}],"collection":[{"href":"https:\/\/sofia-ruiz.com\/es\/wp-json\/wp\/v2\/pages"}],"about":[{"href":"https:\/\/sofia-ruiz.com\/es\/wp-json\/wp\/v2\/types\/page"}],"author":[{"embeddable":true,"href":"https:\/\/sofia-ruiz.com\/es\/wp-json\/wp\/v2\/users\/1"}],"replies":[{"embeddable":true,"href":"https:\/\/sofia-ruiz.com\/es\/wp-json\/wp\/v2\/comments?post=199611"}],"version-history":[{"count":109,"href":"https:\/\/sofia-ruiz.com\/es\/wp-json\/wp\/v2\/pages\/199611\/revisions"}],"predecessor-version":[{"id":259791,"href":"https:\/\/sofia-ruiz.com\/es\/wp-json\/wp\/v2\/pages\/199611\/revisions\/259791"}],"wp:attachment":[{"href":"https:\/\/sofia-ruiz.com\/es\/wp-json\/wp\/v2\/media?parent=199611"}],"curies":[{"name":"wp","href":"https:\/\/api.w.org\/{rel}","templated":true}]}}