{"id":1111,"date":"2019-01-11T22:57:16","date_gmt":"2019-01-11T22:57:16","guid":{"rendered":"https:\/\/sofia-ruiz.com\/?page_id=1111"},"modified":"2025-10-01T23:49:30","modified_gmt":"2025-10-01T23:49:30","slug":"acting","status":"publish","type":"page","link":"https:\/\/sofia-ruiz.com\/es\/","title":{"rendered":"Sofia Ruiz Actor"},"content":{"rendered":"<div id=\"pl-1111\"  class=\"panel-layout\" ><div id=\"pg-1111-0\"  class=\"panel-grid panel-has-style\" ><div class=\"siteorigin-panels-stretch panel-row-style panel-row-style-for-1111-0\" data-stretch-type=\"full-width-stretch\" ><div id=\"pgc-1111-0-0\"  class=\"panel-grid-cell\" ><div id=\"panel-1111-0-0-0\" class=\"so-panel widget widget_sow-hero panel-first-child panel-last-child\" data-index=\"0\" ><div\n\t\t\t\n\t\t\tclass=\"so-widget-sow-hero so-widget-sow-hero-default-4360662beacd-1111\"\n\t\t\t\n\t\t>\t\t\t\t<div class=\"sow-slider-base\" style=\"display: none\" tabindex=\"0\">\n\t\t\t\t\t<ul\n\t\t\t\t\tclass=\"sow-slider-images\"\n\t\t\t\t\tdata-settings=\"{&quot;pagination&quot;:true,&quot;speed&quot;:800,&quot;timeout&quot;:8000,&quot;paused&quot;:false,&quot;pause_on_hover&quot;:false,&quot;swipe&quot;:&quot;&quot;,&quot;nav_always_show_desktop&quot;:&quot;&quot;,&quot;nav_always_show_mobile&quot;:&quot;&quot;,&quot;breakpoint&quot;:&quot;780px&quot;,&quot;unmute&quot;:false,&quot;anchor&quot;:null}\"\n\t\t\t\t\t\t\t\t\t\tdata-anchor-id=\"\"\n\t\t\t\t>\t\t<li class=\"sow-slider-image  sow-slider-image-cover\" style=\"visibility: visible;;background-color: #000000\" >\n\t\t\t\t\t<div class=\"sow-slider-image-container\">\n\t\t\t<div class=\"sow-slider-image-wrapper\">\n\t\t\t\t<h1 style=\"text-align: center\">SOFIA RUIZ CARRERA<\/h1>\n<h6 style=\"text-align: center\">Actriz.<\/h6>\n\t\t\t<\/div>\n\t\t<\/div>\n\t\t<div class=\"sow-slider-image-overlay sow-slider-image-cover\" style=\"opacity: 0.6;background-image: url(https:\/\/sofia-ruiz.com\/wp-content\/uploads\/2024\/11\/3.png)\"  ><\/div>\t\t<\/li>\n\t\t<\/ul>\t\t\t\t<ol class=\"sow-slider-pagination\">\n\t\t\t\t\t\t\t\t\t\t\t<li><a href=\"#\" data-goto=\"0\" aria-label=\"Display slide 1\"><\/a><\/li>\n\t\t\t\t\t\t\t\t\t<\/ol>\n\n\t\t\t\t<div class=\"sow-slide-nav sow-slide-nav-next\">\n\t\t\t\t\t<a href=\"#\" data-goto=\"next\" aria-label=\"Next slide\" data-action=\"next\">\n\t\t\t\t\t\t<em class=\"sow-sld-icon-thin-right\"><\/em>\n\t\t\t\t\t<\/a>\n\t\t\t\t<\/div>\n\n\t\t\t\t<div class=\"sow-slide-nav sow-slide-nav-prev\">\n\t\t\t\t\t<a href=\"#\" data-goto=\"previous\" aria-label=\"Previous slide\" data-action=\"prev\">\n\t\t\t\t\t\t<em class=\"sow-sld-icon-thin-left\"><\/em>\n\t\t\t\t\t<\/a>\n\t\t\t\t<\/div>\n\t\t\t\t<\/div><\/div><\/div><\/div><\/div><\/div><div id=\"pg-1111-1\"  class=\"panel-grid panel-has-style\" ><div id=\"About\" class=\"panel-row-style panel-row-style-for-1111-1\" ><div id=\"pgc-1111-1-0\"  class=\"panel-grid-cell\" ><div id=\"panel-1111-1-0-0\" class=\"so-panel widget widget_sow-editor panel-first-child\" data-index=\"1\" ><div class=\"panel-widget-style panel-widget-style-for-1111-1-0-0\" ><div\n\t\t\t\n\t\t\tclass=\"so-widget-sow-editor so-widget-sow-editor-base\"\n\t\t\t\n\t\t>\n<div class=\"siteorigin-widget-tinymce textwidget\">\n\t<p style=\"text-align: center;\"><span class=\"\" style=\"display:block;clear:both;height: 0px;padding-top: 20px;border-top-width:0px;border-bottom-width:0px;\"><\/span><\/p>\n<p class=\"p1\" style=\"text-align: center;\">Esp\u00edritu curioso, mente flexible y nerda de coraz\u00f3n.<\/p>\n<p class=\"p1\" style=\"text-align: center;\">Ya sea en el escenario o tras bambalinas, <strong>contar historias matizadas<\/strong> (y a veces bobas)<strong> es lo que me mueve<\/strong>.<\/p>\n<p style=\"text-align: center;\">En esta p\u00e1gina, aprender\u00e1s un poco sobre mi carrera como actriz, directora, productora y profesora.<\/p>\n<p style=\"text-align: center;\">Ve mi curr\u00edculum de actuaci\u00f3n y mi demo aqu\u00ed, \u00a1te invito a explorar la p\u00e1gina!<\/p>\n<p style=\"text-align: center;\"><span class=\"\" style=\"display:block;clear:both;height: 0px;padding-top: 20px;border-top-width:0px;border-bottom-width:0px;\"><\/span><\/p>\n<\/div>\n<\/div><\/div><\/div><div id=\"panel-1111-1-0-1\" class=\"so-panel widget widget_sow-button panel-last-child\" data-index=\"2\" ><div\n\t\t\t\n\t\t\tclass=\"so-widget-sow-button so-widget-sow-button-wire-5a28d4812210-1111\"\n\t\t\t\n\t\t><div class=\"ow-button-base ow-button-align-center\"\n>\n\t\t\t<a\n\t\t\t\t\thref=\"https:\/\/sofia-ruiz.com\/wp-content\/uploads\/2024\/05\/SOFIA-RUIZ-RESUME-2024-WEB.pdf\"\n\t\t\t\t\tclass=\"sowb-button ow-icon-placement-left ow-button-hover\" target=\"_blank\" rel=\"noopener noreferrer\" \t>\n\t\t<span>\n\t\t\t\n\t\t\tcurr\u00edculum\t\t<\/span>\n\t\t\t<\/a>\n\t<\/div>\n<\/div><\/div><\/div><\/div><\/div><div id=\"pg-1111-2\"  class=\"panel-grid panel-has-style\" ><div class=\"siteorigin-panels-stretch panel-row-style panel-row-style-for-1111-2\" data-stretch-type=\"full-width-stretch\" ><div id=\"pgc-1111-2-0\"  class=\"panel-grid-cell\" ><div id=\"panel-1111-2-0-0\" class=\"so-panel widget widget_media_video panel-first-child panel-last-child\" data-index=\"3\" ><div style=\"width:100%;\" class=\"wp-video\"><video class=\"wp-video-shortcode\" id=\"video-1111-1\" preload=\"metadata\" controls=\"controls\"><source type=\"video\/vimeo\" src=\"https:\/\/vimeo.com\/1038424952?loop=0&#038;_=1\" \/><a href=\"https:\/\/vimeo.com\/1038424952?loop=0\">https:\/\/vimeo.com\/1038424952?loop=0<\/a><\/video><\/div><\/div><\/div><\/div><\/div><div id=\"pg-1111-3\"  class=\"panel-grid panel-has-style\" ><div id=\"About\" class=\"panel-row-style panel-row-style-for-1111-3\" ><div id=\"pgc-1111-3-0\"  class=\"panel-grid-cell\" ><div id=\"panel-1111-3-0-0\" class=\"so-panel widget widget_sow-editor panel-first-child panel-last-child\" data-index=\"4\" ><div class=\"panel-widget-style panel-widget-style-for-1111-3-0-0\" ><div\n\t\t\t\n\t\t\tclass=\"so-widget-sow-editor so-widget-sow-editor-base\"\n\t\t\t\n\t\t>\n<div class=\"siteorigin-widget-tinymce textwidget\">\n\t<p><span class=\"\" style=\"display:block;clear:both;height: 0px;padding-top: 30px;border-top-width:0px;border-bottom-width:0px;\"><\/span><\/p>\n<p style=\"text-align: center;\">La danza ha sido mi refugio desde los tres y la pintura fue mi primera forma de expresarme \u2014 hoy, <strong>el movimiento y los visuales de alto impacto<\/strong> est\u00e1n presentes en todo mi trabajo. Mi <em>investigaci\u00f3n art\u00edstica<\/em> une la Teor\u00eda de Teatro y Cine, Estudios de G\u00e9nero, Medios y mi Cultura Mexicana, utilizando todos estos puntos de vista, centr\u00e1ndome en la celebraci\u00f3n de la mujer.<\/p>\n<p class=\"p1\" style=\"text-align: center;\"><strong>Cr\u00e9ditos actorales favoritos<\/strong> incluyen a Henrietta en\u00a0<i>Cielo Silencioso<\/i>, Titania en\u00a0<i>Sue\u00f1o de una Noche de Verano<\/i>, Emily Webb en\u00a0<i>Nuestro Pueblo<\/i>, Ofelia Enamorada en\u00a0<i>Ofelia<\/i>\u00a0y M\u00f3nica en\u00a0<i>Acapulco<\/i> de AppleTV. Mis cr\u00e9ditos de <strong>direcci\u00f3n teatral<\/strong> m\u00e1s recientes incluyen <i>Los Lobos\u00a0<\/i>y\u00a0<i>El Convento del Placer<\/i>. Mi primer cortometraje como <strong>directora de ficci\u00f3n<\/strong>, <em>Despertar Dormido<\/em>, se encuentra haciendo las rondas en el circuito de festivales y puedes ver mi primer corto como\u00a0<strong>productora<\/strong> en la plataforma de streaming the IMCINE\u00a0<a href=\"https:\/\/www.nuestrocine.mx\/detail\/1216\" target=\"_blank\" rel=\"noopener\">nuestro cine mx<\/a>!<\/p>\n<p class=\"p1\" style=\"text-align: center;\">\u00a1Recientemente obtuve mi <strong>Meastr\u00eda en Actuaci\u00f3n<\/strong> en la Universidad de Georgia!<\/p>\n<p style=\"text-align: center;\"><span class=\"\" style=\"display:block;clear:both;height: 0px;padding-top: 20px;border-top-width:0px;border-bottom-width:0px;\"><\/span><\/p>\n<\/div>\n<\/div><\/div><\/div><\/div><\/div><\/div><div id=\"pg-1111-4\"  class=\"panel-grid panel-has-style\" ><div class=\"siteorigin-panels-stretch panel-row-style panel-row-style-for-1111-4\" data-stretch-type=\"full-width-stretch\" ><div id=\"pgc-1111-4-0\"  class=\"panel-grid-cell\" ><div id=\"panel-1111-4-0-0\" class=\"so-panel widget widget_sow-hero panel-first-child panel-last-child\" data-index=\"5\" ><div class=\"panel-widget-style panel-widget-style-for-1111-4-0-0\" ><div\n\t\t\t\n\t\t\tclass=\"so-widget-sow-hero so-widget-sow-hero-default-6a8060d9c98e-1111\"\n\t\t\t\n\t\t>\t\t\t\t<div class=\"sow-slider-base\" style=\"display: none\" tabindex=\"0\">\n\t\t\t\t\t<ul\n\t\t\t\t\tclass=\"sow-slider-images\"\n\t\t\t\t\tdata-settings=\"{&quot;pagination&quot;:true,&quot;speed&quot;:800,&quot;timeout&quot;:8000,&quot;paused&quot;:false,&quot;pause_on_hover&quot;:false,&quot;swipe&quot;:&quot;&quot;,&quot;nav_always_show_desktop&quot;:&quot;&quot;,&quot;nav_always_show_mobile&quot;:&quot;&quot;,&quot;breakpoint&quot;:&quot;780px&quot;,&quot;unmute&quot;:false,&quot;anchor&quot;:null}\"\n\t\t\t\t\t\t\t\t\t\tdata-anchor-id=\"\"\n\t\t\t\t>\t\t<li class=\"sow-slider-image  sow-slider-image-cover\" style=\"visibility: visible;;background-color: #000000\" >\n\t\t\t\t\t<div class=\"sow-slider-image-container\">\n\t\t\t<div class=\"sow-slider-image-wrapper\">\n\t\t\t\t<h1><span class=\"\" style=\"display:block;clear:both;height: 0px;padding-top: 100px;border-top-width:0px;border-bottom-width:0px;\"><\/span><\/h1>\n<h2 style=\"text-align: center\"><span style=\"color: #ffffff\">mi trabajo es imaginar<\/span><\/h2>\n<h1><span class=\"\" style=\"display:block;clear:both;height: 0px;padding-top: 100px;border-top-width:0px;border-bottom-width:0px;\"><\/span><\/h1>\n<h3 style=\"text-align: center\"><\/h3>\t\t\t<\/div>\n\t\t<\/div>\n\t\t<div class=\"sow-slider-image-overlay sow-slider-image-cover\" style=\"opacity: 0.6;background-image: url(https:\/\/sofia-ruiz.com\/wp-content\/uploads\/2024\/11\/2.png)\"  ><\/div>\t\t<\/li>\n\t\t<\/ul>\t\t\t\t<ol class=\"sow-slider-pagination\">\n\t\t\t\t\t\t\t\t\t\t\t<li><a href=\"#\" data-goto=\"0\" aria-label=\"Display slide 1\"><\/a><\/li>\n\t\t\t\t\t\t\t\t\t<\/ol>\n\n\t\t\t\t<div class=\"sow-slide-nav sow-slide-nav-next\">\n\t\t\t\t\t<a href=\"#\" data-goto=\"next\" aria-label=\"Next slide\" data-action=\"next\">\n\t\t\t\t\t\t<em class=\"sow-sld-icon-thin-right\"><\/em>\n\t\t\t\t\t<\/a>\n\t\t\t\t<\/div>\n\n\t\t\t\t<div class=\"sow-slide-nav sow-slide-nav-prev\">\n\t\t\t\t\t<a href=\"#\" data-goto=\"previous\" aria-label=\"Previous slide\" data-action=\"prev\">\n\t\t\t\t\t\t<em class=\"sow-sld-icon-thin-left\"><\/em>\n\t\t\t\t\t<\/a>\n\t\t\t\t<\/div>\n\t\t\t\t<\/div><\/div><\/div><\/div><\/div><\/div><\/div><div id=\"pg-1111-5\"  class=\"panel-grid panel-has-style\" ><div class=\"siteorigin-panels-stretch panel-row-style panel-row-style-for-1111-5\" id=\"Contact\" data-stretch-type=\"full-width-stretch\" ><div id=\"pgc-1111-5-0\"  class=\"panel-grid-cell\" ><div id=\"panel-1111-5-0-0\" class=\"so-panel widget widget_sow-editor panel-first-child panel-last-child\" data-index=\"6\" ><div class=\"panel-widget-style panel-widget-style-for-1111-5-0-0\" ><div\n\t\t\t\n\t\t\tclass=\"so-widget-sow-editor so-widget-sow-editor-base\"\n\t\t\t\n\t\t>\n<div class=\"siteorigin-widget-tinymce textwidget\">\n\t<h1 style=\"text-align: right;\"><span style=\"color: #000000;\">PONTE EN CONTACTO<\/span><\/h1>\n<h4 style=\"text-align: right;\"><span style=\"color: #000000;\">sofia@sofia-ruiz.com<\/span><\/h4>\n<\/div>\n<\/div><\/div><\/div><\/div><div id=\"pgc-1111-5-1\"  class=\"panel-grid-cell\" ><div id=\"panel-1111-5-1-0\" class=\"so-panel widget widget_sow-editor panel-first-child panel-last-child\" data-index=\"7\" ><div class=\"panel-widget-style panel-widget-style-for-1111-5-1-0\" ><div\n\t\t\t\n\t\t\tclass=\"so-widget-sow-editor so-widget-sow-editor-base\"\n\t\t\t\n\t\t>\n<div class=\"siteorigin-widget-tinymce textwidget\">\n\t<p><span class=\"\" style=\"display:block;clear:both;height: 0px;padding-top: 20px;border-top-width:0px;border-bottom-width:0px;\"><\/span><\/p>\n<div class=\"wpcf7 no-js\" id=\"wpcf7-f24-o1\" lang=\"en-US\" dir=\"ltr\" data-wpcf7-id=\"24\">\n<div class=\"screen-reader-response\">\n<p role=\"status\" aria-live=\"polite\" aria-atomic=\"true\">\n<ul><\/ul>\n<\/div>\n<form action=\"\/es\/wp-json\/wp\/v2\/pages\/1111#wpcf7-f24-o1\" method=\"post\" class=\"wpcf7-form init\" aria-label=\"Contact form\" novalidate=\"novalidate\" data-status=\"init\" data-trp-original-action=\"\/es\/wp-json\/wp\/v2\/pages\/1111#wpcf7-f24-o1\">\n<fieldset class=\"hidden-fields-container\"><input type=\"hidden\" name=\"_wpcf7\" value=\"24\" \/><input type=\"hidden\" name=\"_wpcf7_version\" value=\"6.1.3\" \/><input type=\"hidden\" name=\"_wpcf7_locale\" value=\"en_US\" \/><input type=\"hidden\" name=\"_wpcf7_unit_tag\" value=\"wpcf7-f24-o1\" \/><input type=\"hidden\" name=\"_wpcf7_container_post\" value=\"0\" \/><input type=\"hidden\" name=\"_wpcf7_posted_data_hash\" value=\"\" \/><br \/>\n<\/fieldset>\n<p>Nombre\n<\/p>\n<p><span class=\"wpcf7-form-control-wrap\" data-name=\"your-name\"><input size=\"40\" maxlength=\"400\" class=\"wpcf7-form-control wpcf7-text wpcf7-validates-as-required\" aria-required=\"true\" aria-invalid=\"false\" value=\"\" type=\"text\" name=\"your-name\" \/><\/span>\n<\/p>\n<p>Correo\n<\/p>\n<p><span class=\"wpcf7-form-control-wrap\" data-name=\"your-email\"><input size=\"40\" maxlength=\"400\" class=\"wpcf7-form-control wpcf7-email wpcf7-validates-as-required wpcf7-text wpcf7-validates-as-email\" aria-required=\"true\" aria-invalid=\"false\" value=\"\" type=\"email\" name=\"your-email\" \/><\/span>\n<\/p>\n<p>Asunto\n<\/p>\n<p><span class=\"wpcf7-form-control-wrap\" data-name=\"your-subject\"><input size=\"40\" maxlength=\"400\" class=\"wpcf7-form-control wpcf7-text\" aria-invalid=\"false\" value=\"\" type=\"text\" name=\"your-subject\" \/><\/span>\n<\/p>\n<p>Tu Mensaje\n<\/p>\n<p><span class=\"wpcf7-form-control-wrap\" data-name=\"your-message\"><textarea cols=\"40\" rows=\"10\" maxlength=\"2000\" class=\"wpcf7-form-control wpcf7-textarea\" aria-invalid=\"false\" name=\"your-message\"><\/textarea><\/span>\n<\/p>\n<p><input class=\"wpcf7-form-control wpcf7-submit has-spinner\" type=\"submit\" value=\"Enviar\" \/>\n<\/p>\n<div class=\"wpcf7-response-output\" aria-hidden=\"true\"><\/div>\n<input type=\"hidden\" name=\"trp-form-language\" value=\"es\"\/><\/form>\n<\/div>\n<\/div>\n<\/div><\/div><\/div><\/div><\/div><\/div><\/div>","protected":false},"excerpt":{"rendered":"<p>Curious of spirit, flexible of mind, and a bit of a nerd. Whether onstage or behind the scenes, telling nuanced (and sometimes silly) stories is what moves me. On this page, you&#8217;ll learn more about my acting, directing, producing, and teaching. Check out my acting resume and demo reel here, and feel free to explore!<\/p>","protected":false},"author":1,"featured_media":0,"parent":0,"menu_order":0,"comment_status":"closed","ping_status":"closed","template":"full-width-page.php","meta":{"footnotes":""},"class_list":["post-1111","page","type-page","status-publish","hentry"],"_links":{"self":[{"href":"https:\/\/sofia-ruiz.com\/es\/wp-json\/wp\/v2\/pages\/1111","targetHints":{"allow":["GET"]}}],"collection":[{"href":"https:\/\/sofia-ruiz.com\/es\/wp-json\/wp\/v2\/pages"}],"about":[{"href":"https:\/\/sofia-ruiz.com\/es\/wp-json\/wp\/v2\/types\/page"}],"author":[{"embeddable":true,"href":"https:\/\/sofia-ruiz.com\/es\/wp-json\/wp\/v2\/users\/1"}],"replies":[{"embeddable":true,"href":"https:\/\/sofia-ruiz.com\/es\/wp-json\/wp\/v2\/comments?post=1111"}],"version-history":[{"count":133,"href":"https:\/\/sofia-ruiz.com\/es\/wp-json\/wp\/v2\/pages\/1111\/revisions"}],"predecessor-version":[{"id":259811,"href":"https:\/\/sofia-ruiz.com\/es\/wp-json\/wp\/v2\/pages\/1111\/revisions\/259811"}],"wp:attachment":[{"href":"https:\/\/sofia-ruiz.com\/es\/wp-json\/wp\/v2\/media?parent=1111"}],"curies":[{"name":"wp","href":"https:\/\/api.w.org\/{rel}","templated":true}]}}