{"id":1080,"date":"2019-01-11T22:13:50","date_gmt":"2019-01-11T22:13:50","guid":{"rendered":"https:\/\/sofia-ruiz.com\/?page_id=1080"},"modified":"2024-05-21T17:54:04","modified_gmt":"2024-05-21T17:54:04","slug":"sobreactuando","status":"publish","type":"page","link":"https:\/\/sofia-ruiz.com\/es\/sobreactuando\/","title":{"rendered":"Sobre Actuando"},"content":{"rendered":"<div class=\"wp-block-image\">\n<figure class=\"aligncenter is-resized\"><img loading=\"lazy\" decoding=\"async\" width=\"1024\" height=\"1024\" src=\"https:\/\/sofia-ruiz.com\/wp-content\/uploads\/2019\/01\/Podcast_Art-1024x1024.png\" alt=\"\" class=\"wp-image-993\" style=\"width:512px;height:512px\" srcset=\"https:\/\/sofia-ruiz.com\/wp-content\/uploads\/2019\/01\/Podcast_Art-1024x1024.png 1024w, https:\/\/sofia-ruiz.com\/wp-content\/uploads\/2019\/01\/Podcast_Art-150x150.png 150w, https:\/\/sofia-ruiz.com\/wp-content\/uploads\/2019\/01\/Podcast_Art-300x300.png 300w, https:\/\/sofia-ruiz.com\/wp-content\/uploads\/2019\/01\/Podcast_Art-768x768.png 768w, https:\/\/sofia-ruiz.com\/wp-content\/uploads\/2019\/01\/Podcast_Art.png 1080w\" sizes=\"auto, (max-width: 1024px) 100vw, 1024px\" \/><\/figure>\n<\/div>\n\n\n<p class=\"has-text-align-center has-large-font-size\">\u00a1Presentando un nuevo podcast!<\/p>\n\n\n<!--[if lt IE 9]><script>document.createElement('audio');<\/script><![endif]-->\n<div class=\"wp-playlist wp-audio-playlist wp-playlist-light\">\n\t\t<div class=\"wp-playlist-current-item\"><\/div>\n\t\t<audio controls=\"controls\" preload=\"none\" width=\"678\"><\/audio>\n\t<div class=\"wp-playlist-next\"><\/div>\n\t<div class=\"wp-playlist-prev\"><\/div>\n\t<noscript>\n\t<ol><\/ol>\n\t<\/noscript>\n\t<script type=\"application\/json\" class=\"wp-playlist-script\">{\"type\":\"audio\",\"tracklist\":true,\"tracknumbers\":false,\"images\":true,\"artists\":true,\"date\":true,\"itunes_subtitle\":false,\"poster\":{\"src\":\"https:\\\/\\\/sofia-ruiz.com\\\/wp-content\\\/uploads\\\/powerpress\\\/sobreactuando1400chico.jpg\",\"width\":\"144\",\"height\":\"144\"},\"tracks\":[{\"src\":\"https:\\\/\\\/media.blubrry.com\\\/sobreactuando\\\/content.blubrry.com\\\/sobreactuando\\\/702_Episodio_Sobre_Margarita_Higuera_chico.mp3\",\"type\":\"audio\\\/mpeg\",\"title\":\"Sobre Emprender con Margarita Higuera\",\"caption\":\"Sobre Emprender con Margarita Higuera\",\"description\":\"Sobre Emprender con Margarita Higuera\",\"meta\":{\"artist\":\"Talent Name\",\"album\":\"Podcast Title here\",\"title\":\"Sobre Emprender con Margarita Higuera\",\"genre\":\"Podcast\",\"year\":\"2022\",\"date\":\"junio 17, 2022\",\"length_formatted\":\"55:54\",\"link\":\"https:\\\/\\\/sofia-ruiz.com\\\/es\\\/sobre-emprender-con-margarita-higuera\\\/\"},\"poster\":{\"src\":\"https:\\\/\\\/sofia-ruiz.com\\\/wp-content\\\/uploads\\\/2022\\\/06\\\/10.png\",\"width\":144,\"height\":144}},{\"src\":\"https:\\\/\\\/media.blubrry.com\\\/sobreactuando\\\/content.blubrry.com\\\/sobreactuando\\\/701_Episodio_Sobre_Actuando_Abraham_Elizalde_chico.mp3\",\"type\":\"audio\\\/mpeg\",\"title\":\"Sobre Descansar con Abraham Elizalde\",\"caption\":\"Sobre Descansar con Abraham Elizalde\",\"description\":\"Sobre Descansar con Abraham Elizalde\",\"meta\":{\"artist\":\"Talent Name\",\"album\":\"Podcast Title here\",\"title\":\"Sobre Descansar con Abraham Elizalde\",\"genre\":\"Podcast\",\"year\":\"2022\",\"date\":\"junio 17, 2022\",\"length_formatted\":\"58:14\",\"link\":\"https:\\\/\\\/sofia-ruiz.com\\\/es\\\/sobre-descansar-con-abraham-elizalde\\\/\"},\"poster\":{\"src\":\"https:\\\/\\\/sofia-ruiz.com\\\/wp-content\\\/uploads\\\/2022\\\/06\\\/6.png\",\"width\":144,\"height\":144}},{\"src\":\"https:\\\/\\\/media.blubrry.com\\\/sobreactuando\\\/content.blubrry.com\\\/sobreactuando\\\/606_Episodio_Sobre_Actuando_ActorEs_Humberto_Busto.mp3\",\"type\":\"audio\\\/mpeg\",\"title\":\"ActorEs: El Actor en el \\u00c1mbito Laboral Audiovisual con Humberto Busto\",\"caption\":\"ActorEs: El Actor en el \\u00c1mbito Laboral Audiovisual con Humberto Busto\",\"description\":\"ActorEs: El Actor en el \\u00c1mbito Laboral Audiovisual con Humberto Busto\",\"meta\":{\"artist\":\"Talent Name\",\"album\":\"Podcast Title here\",\"title\":\"ActorEs: El Actor en el \\u00c1mbito Laboral Audiovisual con Humberto Busto\",\"genre\":\"Podcast\",\"year\":\"2021\",\"date\":\"junio 9, 2021\",\"length_formatted\":\"11:47\",\"link\":\"https:\\\/\\\/sofia-ruiz.com\\\/es\\\/actores-el-actor-en-el-ambito-laboral-audiovisual-con-humberto-busto\"},\"poster\":{\"src\":\"https:\\\/\\\/sofia-ruiz.com\\\/wp-content\\\/uploads\\\/2021\\\/05\\\/18-300x300.png\",\"width\":144,\"height\":144}},{\"src\":\"https:\\\/\\\/media.blubrry.com\\\/sobreactuando\\\/content.blubrry.com\\\/sobreactuando\\\/605_Episodio_Sobre_Actuando_ActorEs_Rossana_De_Leon.mp3\",\"type\":\"audio\\\/mpeg\",\"title\":\"ActorEs: El Casting con Rossana De Le\\u00f3n\",\"caption\":\"ActorEs: El Casting con Rossana De Le\\u00f3n\",\"description\":\"ActorEs: El Casting con Rossana De Le\\u00f3n\",\"meta\":{\"artist\":\"Talent Name\",\"album\":\"Podcast Title here\",\"title\":\"ActorEs: El Casting con Rossana De Le\\u00f3n\",\"genre\":\"Podcast\",\"year\":\"2021\",\"date\":\"junio 2, 2021\",\"length_formatted\":\"11:37\",\"link\":\"https:\\\/\\\/sofia-ruiz.com\\\/es\\\/actores-el-casting-con-rossana-de-leon\"},\"poster\":{\"src\":\"https:\\\/\\\/sofia-ruiz.com\\\/wp-content\\\/uploads\\\/2021\\\/05\\\/11-300x300.png\",\"width\":144,\"height\":144}},{\"src\":\"https:\\\/\\\/media.blubrry.com\\\/sobreactuando\\\/content.blubrry.com\\\/sobreactuando\\\/604_Episodio_Sobre_Actuando_ActorEs_Carlos_Toledo.mp3\",\"type\":\"audio\\\/mpeg\",\"title\":\"ActorEs: Las Agencias de Representaci\\u00f3n con Carlos Toledo\",\"caption\":\"ActorEs: Las Agencias de Representaci\\u00f3n con Carlos Toledo\",\"description\":\"ActorEs: Las Agencias de Representaci\\u00f3n con Carlos Toledo\",\"meta\":{\"artist\":\"Talent Name\",\"album\":\"Podcast Title here\",\"title\":\"ActorEs: Las Agencias de Representaci\\u00f3n con Carlos Toledo\",\"genre\":\"Podcast\",\"year\":\"2021\",\"date\":\"mayo 26, 2021\",\"length_formatted\":\"11:27\",\"link\":\"https:\\\/\\\/sofia-ruiz.com\\\/es\\\/actores-las-agencias-de-representacion-con-carlos-toledo\"},\"poster\":{\"src\":\"https:\\\/\\\/sofia-ruiz.com\\\/wp-content\\\/uploads\\\/2021\\\/05\\\/8-1-300x300.png\",\"width\":144,\"height\":144}},{\"src\":\"https:\\\/\\\/media.blubrry.com\\\/sobreactuando\\\/content.blubrry.com\\\/sobreactuando\\\/603_Episodio_Sobre_Actuando_ActorEs_Pamela_Almanza.mp3\",\"type\":\"audio\\\/mpeg\",\"title\":\"ActorEs: Dentro y Fuera de la Escuela de Actuaci\\u00f3n con Pamela Almanza\",\"caption\":\"ActorEs: Dentro y Fuera de la Escuela de Actuaci\\u00f3n con Pamela Almanza\",\"description\":\"ActorEs: Dentro y Fuera de la Escuela de Actuaci\\u00f3n con Pamela Almanza\",\"meta\":{\"artist\":\"Talent Name\",\"album\":\"Podcast Title here\",\"title\":\"ActorEs: Dentro y Fuera de la Escuela de Actuaci\\u00f3n con Pamela Almanza\",\"genre\":\"Podcast\",\"year\":\"2021\",\"date\":\"mayo 19, 2021\",\"length_formatted\":\"10:06\",\"link\":\"https:\\\/\\\/sofia-ruiz.com\\\/es\\\/sobreactuando-actores-pamela-almanza\"},\"poster\":{\"src\":\"https:\\\/\\\/sofia-ruiz.com\\\/wp-content\\\/uploads\\\/2021\\\/05\\\/8-300x300.png\",\"width\":144,\"height\":144}},{\"src\":\"https:\\\/\\\/media.blubrry.com\\\/sobreactuando\\\/content.blubrry.com\\\/sobreactuando\\\/602_Episodio_Sobre_Actuando_ActorEs_Rocio_Belmont.mp3\",\"type\":\"audio\\\/mpeg\",\"title\":\"ActorEs: La Formaci\\u00f3n del Actor con Roc\\u00edo Belmont\",\"caption\":\"ActorEs: La Formaci\\u00f3n del Actor con Roc\\u00edo Belmont\",\"description\":\"ActorEs: La Formaci\\u00f3n del Actor con Roc\\u00edo Belmont\",\"meta\":{\"artist\":\"Talent Name\",\"album\":\"Podcast Title here\",\"title\":\"ActorEs: La Formaci\\u00f3n del Actor con Roc\\u00edo Belmont\",\"genre\":\"Podcast\",\"year\":\"2021\",\"date\":\"mayo 12, 2021\",\"length_formatted\":\"11:06\",\"link\":\"https:\\\/\\\/sofia-ruiz.com\\\/es\\\/sobreactuando-actores-rocio-belmont\"},\"poster\":{\"src\":\"https:\\\/\\\/sofia-ruiz.com\\\/wp-content\\\/uploads\\\/2021\\\/05\\\/5-300x300.png\",\"width\":144,\"height\":144}},{\"src\":\"https:\\\/\\\/media.blubrry.com\\\/sobreactuando\\\/content.blubrry.com\\\/sobreactuando\\\/601_Episodio_Sobre_Actuando_ActorEs_Jose_Salof.mp3\",\"type\":\"audio\\\/mpeg\",\"title\":\"Sobre ActorEs con Jos\\u00e9 Salof\",\"caption\":\"Sobre ActorEs con Jos\\u00e9 Salof\",\"description\":\"Sobre ActorEs con Jos\\u00e9 Salof\",\"meta\":{\"artist\":\"Talent Name\",\"album\":\"Podcast Title here\",\"title\":\"Sobre ActorEs con Jos\\u00e9 Salof\",\"genre\":\"Podcast\",\"year\":\"2021\",\"date\":\"mayo 5, 2021\",\"length_formatted\":\"38:59\",\"link\":\"https:\\\/\\\/sofia-ruiz.com\\\/es\\\/sobre-actores-con-jose-salof\\\/\"},\"poster\":{\"src\":\"https:\\\/\\\/sofia-ruiz.com\\\/wp-content\\\/uploads\\\/2021\\\/05\\\/1-300x300.png\",\"width\":144,\"height\":144}},{\"src\":\"https:\\\/\\\/media.blubrry.com\\\/sobreactuando\\\/content.blubrry.com\\\/sobreactuando\\\/101_Episodio_Sobre_Actuando_Reflexion_2020.mp3\",\"type\":\"audio\\\/mpeg\",\"title\":\"SOLO: Sobre el 2020, una reflexi\\u00f3n\",\"caption\":\"SOLO: Sobre el 2020, una reflexi\\u00f3n\",\"description\":\"SOLO: Sobre el 2020, una reflexi\\u00f3n\",\"meta\":{\"artist\":\"Talent Name\",\"album\":\"Podcast Title here\",\"title\":\"SOLO: Sobre el 2020, una reflexi\\u00f3n\",\"genre\":\"Podcast\",\"year\":\"2021\",\"date\":\"enero 4, 2021\",\"length_formatted\":\"7:45\",\"link\":\"https:\\\/\\\/sofia-ruiz.com\\\/es\\\/sobreel2020\"},\"poster\":{\"src\":\"https:\\\/\\\/sofia-ruiz.com\\\/wp-content\\\/uploads\\\/2021\\\/01\\\/Podcastgram-Intermedios-300x300.png\",\"width\":144,\"height\":144}},{\"src\":\"https:\\\/\\\/media.blubrry.com\\\/sobreactuando\\\/content.blubrry.com\\\/sobreactuando\\\/A510_Episodio_Sobre_Actuando_Diana_Orozco.mp3\",\"type\":\"audio\\\/mpeg\",\"title\":\"Sobre Podcasts con Diana Orozco de Ellas Ahora\",\"caption\":\"Sobre Podcasts con Diana Orozco de Ellas Ahora\",\"description\":\"Sobre Podcasts con Diana Orozco de Ellas Ahora\",\"meta\":{\"artist\":\"Talent Name\",\"album\":\"Podcast Title here\",\"title\":\"Sobre Podcasts con Diana Orozco de Ellas Ahora\",\"genre\":\"Podcast\",\"year\":\"2020\",\"date\":\"diciembre 19, 2020\",\"length_formatted\":\"46:26\",\"link\":\"https:\\\/\\\/sofia-ruiz.com\\\/es\\\/sobreactuandodianaorozco\\\/\"},\"poster\":{\"src\":\"https:\\\/\\\/sofia-ruiz.com\\\/wp-content\\\/uploads\\\/2020\\\/12\\\/Podcastgram-Season-5-300x300.png\",\"width\":144,\"height\":144}}]}<\/script>\n<\/div>\n\t\n\n\n\n<div style=\"height:20px\" aria-hidden=\"true\" class=\"wp-block-spacer\"><\/div>\n\n\n\n<p class=\"has-text-align-center has-medium-font-size\">En Sobre Actuando, el podcast para actores, Sof\u00eda entrevista a actores y a otros profesionales del entretenimiento sobre sus experiencias en el medio y su camino hacia la actuaci\u00f3n. Espera que a trav\u00e9s de sus historias, obtengamos herramientas para aprender a manejar nuestras carreras de manera m\u00e1s efectiva y tener una larga vida en las artes. Un podcast sobre actores, para actores, buscando apoyarnos para contribuir a un ambiente positivo y de compa\u00f1erismo.<\/p>\n\n\n\n<div style=\"height:20px\" aria-hidden=\"true\" class=\"wp-block-spacer\"><\/div>\n\n\n\n<p class=\"has-text-align-center has-medium-font-size\"><strong>Escucha la temporada especial por la cuarentena.<\/strong><br><strong>La puedes descargar en tu plataforma de podcasts favorita.<\/strong><\/p>\n\n\n\n<div style=\"height:20px\" aria-hidden=\"true\" class=\"wp-block-spacer\"><\/div>\n\n\n\n<p class=\"has-text-align-center has-large-font-size\">\u00a1SUSCR\u00cdBETE AQU\u00cd!<\/p>\n\n\n\n<div class=\"wp-block-columns is-layout-flex wp-container-core-columns-is-layout-9d6595d7 wp-block-columns-is-layout-flex\">\n<div class=\"wp-block-column is-layout-flow wp-block-column-is-layout-flow\" style=\"flex-basis:66.66%\">\n<\/div>\n<\/div>\n\n\n\n<div style=\"height:53px\" aria-hidden=\"true\" class=\"wp-block-spacer\"><\/div>\n\n\n\n<p><\/p>","protected":false},"excerpt":{"rendered":"<p>\u00a1Presentando un nuevo podcast! En Sobre Actuando, el podcast para actores, Sof\u00eda entrevista a actores y a otros profesionales del entretenimiento sobre sus experiencias en el medio y su camino hacia la actuaci\u00f3n. Espera que a trav\u00e9s de sus historias, obtengamos herramientas para aprender a manejar nuestras carreras de manera m\u00e1s efectiva y tener una&#8230;<\/p>","protected":false},"author":1,"featured_media":0,"parent":0,"menu_order":0,"comment_status":"closed","ping_status":"closed","template":"full-width-page.php","meta":{"footnotes":""},"class_list":["post-1080","page","type-page","status-publish","hentry"],"_links":{"self":[{"href":"https:\/\/sofia-ruiz.com\/es\/wp-json\/wp\/v2\/pages\/1080","targetHints":{"allow":["GET"]}}],"collection":[{"href":"https:\/\/sofia-ruiz.com\/es\/wp-json\/wp\/v2\/pages"}],"about":[{"href":"https:\/\/sofia-ruiz.com\/es\/wp-json\/wp\/v2\/types\/page"}],"author":[{"embeddable":true,"href":"https:\/\/sofia-ruiz.com\/es\/wp-json\/wp\/v2\/users\/1"}],"replies":[{"embeddable":true,"href":"https:\/\/sofia-ruiz.com\/es\/wp-json\/wp\/v2\/comments?post=1080"}],"version-history":[{"count":22,"href":"https:\/\/sofia-ruiz.com\/es\/wp-json\/wp\/v2\/pages\/1080\/revisions"}],"predecessor-version":[{"id":259682,"href":"https:\/\/sofia-ruiz.com\/es\/wp-json\/wp\/v2\/pages\/1080\/revisions\/259682"}],"wp:attachment":[{"href":"https:\/\/sofia-ruiz.com\/es\/wp-json\/wp\/v2\/media?parent=1080"}],"curies":[{"name":"wp","href":"https:\/\/api.w.org\/{rel}","templated":true}]}}